{"id":16,"date":"2011-10-22T16:41:13","date_gmt":"2011-10-22T16:41:13","guid":{"rendered":"http:\/\/www.laurent-le-fleuriste.com\/atelier\/?page_id=16"},"modified":"2025-10-20T08:27:31","modified_gmt":"2025-10-20T08:27:31","slug":"nos-domaines-dexpertise","status":"publish","type":"page","link":"https:\/\/www.laurent-le-fleuriste.com\/atelier\/nos-domaines-dexpertise\/","title":{"rendered":"Art Floral"},"content":{"rendered":"\n\n\t<section class=\"section\" id=\"section_1877068894\">\n\t\t<div class=\"section-bg fill\" >\n\t\t\t\t\t\t\t\t\t\n\t\t\t\n\n\t\t<\/div>\n\n\t\t\n\n\t\t<div class=\"section-content relative\">\n\t\t\t\n\n\n  <div class=\"banner has-hover\" id=\"banner-763622534\">\n          <div class=\"banner-inner fill\">\n        <div class=\"banner-bg fill\" >\n                                                \n                    <\/div>\n\t\t\n        <div class=\"banner-layers container\">\n            <div class=\"fill banner-link\"><\/div>            \n\n   <div id=\"text-box-782704690\" class=\"text-box banner-layer x50 md-x5 lg-x5 y5 md-y50 lg-y50 res-text\">\n                     <div data-animate=\"bounceInLeft\">           <div class=\"text-box-content text dark\">\n              \n              <div class=\"text-inner text-center\">\n                  \n\n\t<div class=\"img has-hover x md-x lg-x y md-y lg-y\" id=\"image_1176429811\">\n\t\t\t\t\t\t\t\t<div class=\"img-inner dark\" >\n\t\t\t<img loading=\"lazy\" decoding=\"async\" width=\"1020\" height=\"764\" src=\"https:\/\/www.laurent-le-fleuriste.com\/atelier\/wp-content\/uploads\/2025\/10\/laurent-marquefabre-1024x767.jpg\" class=\"attachment-large size-large\" alt=\"\" srcset=\"https:\/\/www.laurent-le-fleuriste.com\/atelier\/wp-content\/uploads\/2025\/10\/laurent-marquefabre-1024x767.jpg 1024w, https:\/\/www.laurent-le-fleuriste.com\/atelier\/wp-content\/uploads\/2025\/10\/laurent-marquefabre-300x225.jpg 300w, https:\/\/www.laurent-le-fleuriste.com\/atelier\/wp-content\/uploads\/2025\/10\/laurent-marquefabre-768x575.jpg 768w, https:\/\/www.laurent-le-fleuriste.com\/atelier\/wp-content\/uploads\/2025\/10\/laurent-marquefabre.jpg 1440w\" sizes=\"auto, (max-width: 1020px) 100vw, 1020px\" \/>\t\t\t\t\t\t\n\t\t\t\t\t<\/div>\n\t\t\t\t\t\t\t\t\n<style>\n#image_1176429811 {\n  width: 100%;\n}\n<\/style>\n\t<\/div>\n\t\n\n\n              <\/div>\n           <\/div>\n       <\/div>                     \n<style>\n#text-box-782704690 {\n  width: 90%;\n}\n#text-box-782704690 .text-box-content {\n  font-size: 100%;\n}\n@media (min-width:550px) {\n  #text-box-782704690 {\n    width: 40%;\n  }\n}\n<\/style>\n    <\/div>\n \n   <div id=\"text-box-604861712\" class=\"text-box banner-layer x50 md-x90 lg-x90 y100 md-y50 lg-y50 res-text\">\n                     <div data-animate=\"bounceInRight\">           <div class=\"text-box-content text dark\">\n              \n              <div class=\"text-inner text-center\">\n                  \n\n<h3 class=\"uppercase\">Cr\u00e9ateur inspir\u00e9<\/h3>\n<p class=\"lead\" style=\"text-align: justify;\">De l&rsquo;opulent bouquet\u00a0 sophistiqu\u00e9 \u00e0 la fleur simple \u00e9pur\u00e9e, l&rsquo;art floral n\u00e9cessite imagination, cr\u00e9ativit\u00e9 et ma\u00eetrise &#8230;<br \/>Laurent MARQUEFABES\u00a0 cr\u00e9ateur inspir\u00e9 vous proposera\u00a0 des compositions originales et surprenantes qui viendront habiller les souvenirs de moments inoubliables.<\/p>\n<a href=\"https:\/\/www.laurent-le-fleuriste.com\/atelier\/nos-domaines-dexpertise\/#galerie\" class=\"button white\" >\n\t\t<span>galerie photo<\/span>\n\t<i class=\"icon-search\" aria-hidden=\"true\"><\/i><\/a>\n\n\n\n              <\/div>\n           <\/div>\n       <\/div>                     \n<style>\n#text-box-604861712 {\n  width: 90%;\n}\n#text-box-604861712 .text-box-content {\n  font-size: 100%;\n}\n@media (min-width:550px) {\n  #text-box-604861712 {\n    width: 40%;\n  }\n}\n<\/style>\n    <\/div>\n \n\n        <\/div>\n      <\/div>\n\n            \n<style>\n#banner-763622534 {\n  padding-top: 500px;\n  background-color: rgb(91, 124, 124);\n}\n<\/style>\n  <\/div>\n\n\n\n\t\t<\/div>\n\n\t\t\n<style>\n#section_1877068894 {\n  padding-top: 0px;\n  padding-bottom: 0px;\n  background-color: rgb(91, 124, 124);\n}\n<\/style>\n\t<\/section>\n\t\n\n\t<section class=\"section\" id=\"section_1792172461\">\n\t\t<div class=\"section-bg fill\" >\n\t\t\t\t\t\t\t\t\t\n\t\t\t\n\n\t\t<\/div>\n\n\t\t\n\n\t\t<div class=\"section-content relative\">\n\t\t\t\n\n\n\n<div id=\"galerie\"> <\/div>\n\n<div class=\"slider-wrapper relative\" id=\"slider-1418482323\" >\n    <div class=\"slider slider-nav-circle slider-nav-large slider-nav-light slider-style-shadow\"\n        data-flickity-options='{\n            \"cellAlign\": \"center\",\n            \"imagesLoaded\": true,\n            \"lazyLoad\": 1,\n            \"freeScroll\": true,\n            \"wrapAround\": true,\n            \"autoPlay\": 4000,\n            \"pauseAutoPlayOnHover\" : true,\n            \"prevNextButtons\": true,\n            \"contain\" : true,\n            \"adaptiveHeight\" : true,\n            \"dragThreshold\" : 10,\n            \"percentPosition\": true,\n            \"pageDots\": true,\n            \"rightToLeft\": false,\n            \"draggable\": true,\n            \"selectedAttraction\": 0.1,\n            \"parallax\" : 0,\n            \"friction\": 0.6        }'\n        >\n        \n\n\t<div class=\"img has-hover x md-x lg-x y md-y lg-y\" id=\"image_144955864\">\n\t\t\t\t\t\t\t\t<div class=\"img-inner image-cover dark\" style=\"padding-top:100%;\">\n\t\t\t<img loading=\"lazy\" decoding=\"async\" width=\"937\" height=\"1024\" src=\"https:\/\/www.laurent-le-fleuriste.com\/atelier\/wp-content\/uploads\/2025\/10\/fleurs-bouquet-laurent-le-fleuriste-937x1024.jpg\" class=\"attachment-large size-large\" alt=\"\" srcset=\"https:\/\/www.laurent-le-fleuriste.com\/atelier\/wp-content\/uploads\/2025\/10\/fleurs-bouquet-laurent-le-fleuriste-937x1024.jpg 937w, https:\/\/www.laurent-le-fleuriste.com\/atelier\/wp-content\/uploads\/2025\/10\/fleurs-bouquet-laurent-le-fleuriste-274x300.jpg 274w, https:\/\/www.laurent-le-fleuriste.com\/atelier\/wp-content\/uploads\/2025\/10\/fleurs-bouquet-laurent-le-fleuriste-768x839.jpg 768w, https:\/\/www.laurent-le-fleuriste.com\/atelier\/wp-content\/uploads\/2025\/10\/fleurs-bouquet-laurent-le-fleuriste-1405x1536.jpg 1405w, https:\/\/www.laurent-le-fleuriste.com\/atelier\/wp-content\/uploads\/2025\/10\/fleurs-bouquet-laurent-le-fleuriste.jpg 1440w\" sizes=\"auto, (max-width: 937px) 100vw, 937px\" \/>\t\t\t\t\t\t\n\t\t\t\t\t<\/div>\n\t\t\t\t\t\t\t\t\n<style>\n#image_144955864 {\n  width: 100%;\n}\n<\/style>\n\t<\/div>\n\t\n\n\t<div class=\"img has-hover x md-x lg-x y md-y lg-y\" id=\"image_1387139104\">\n\t\t\t\t\t\t\t\t<div class=\"img-inner image-cover dark\" style=\"padding-top:100%;\">\n\t\t\t<img loading=\"lazy\" decoding=\"async\" width=\"937\" height=\"1024\" src=\"https:\/\/www.laurent-le-fleuriste.com\/atelier\/wp-content\/uploads\/2025\/10\/composition-florale-937x1024.jpg\" class=\"attachment-large size-large\" alt=\"\" srcset=\"https:\/\/www.laurent-le-fleuriste.com\/atelier\/wp-content\/uploads\/2025\/10\/composition-florale-937x1024.jpg 937w, https:\/\/www.laurent-le-fleuriste.com\/atelier\/wp-content\/uploads\/2025\/10\/composition-florale-274x300.jpg 274w, https:\/\/www.laurent-le-fleuriste.com\/atelier\/wp-content\/uploads\/2025\/10\/composition-florale-768x839.jpg 768w, https:\/\/www.laurent-le-fleuriste.com\/atelier\/wp-content\/uploads\/2025\/10\/composition-florale-1405x1536.jpg 1405w, https:\/\/www.laurent-le-fleuriste.com\/atelier\/wp-content\/uploads\/2025\/10\/composition-florale.jpg 1440w\" sizes=\"auto, (max-width: 937px) 100vw, 937px\" \/>\t\t\t\t\t\t\n\t\t\t\t\t<\/div>\n\t\t\t\t\t\t\t\t\n<style>\n#image_1387139104 {\n  width: 100%;\n}\n<\/style>\n\t<\/div>\n\t\n\n\t<div class=\"img has-hover x md-x lg-x y md-y lg-y\" id=\"image_1144632159\">\n\t\t\t\t\t\t\t\t<div class=\"img-inner image-cover dark\" style=\"padding-top:100%;\">\n\t\t\t<img loading=\"lazy\" decoding=\"async\" width=\"819\" height=\"1024\" src=\"https:\/\/www.laurent-le-fleuriste.com\/atelier\/wp-content\/uploads\/2025\/10\/bouquets-de-fleurs-819x1024.jpg\" class=\"attachment-large size-large\" alt=\"\" srcset=\"https:\/\/www.laurent-le-fleuriste.com\/atelier\/wp-content\/uploads\/2025\/10\/bouquets-de-fleurs-819x1024.jpg 819w, https:\/\/www.laurent-le-fleuriste.com\/atelier\/wp-content\/uploads\/2025\/10\/bouquets-de-fleurs-240x300.jpg 240w, https:\/\/www.laurent-le-fleuriste.com\/atelier\/wp-content\/uploads\/2025\/10\/bouquets-de-fleurs-768x960.jpg 768w, https:\/\/www.laurent-le-fleuriste.com\/atelier\/wp-content\/uploads\/2025\/10\/bouquets-de-fleurs-1229x1536.jpg 1229w, https:\/\/www.laurent-le-fleuriste.com\/atelier\/wp-content\/uploads\/2025\/10\/bouquets-de-fleurs.jpg 1440w\" sizes=\"auto, (max-width: 819px) 100vw, 819px\" \/>\t\t\t\t\t\t\n\t\t\t\t\t<\/div>\n\t\t\t\t\t\t\t\t\n<style>\n#image_1144632159 {\n  width: 100%;\n}\n<\/style>\n\t<\/div>\n\t\n\n\t<div class=\"img has-hover x md-x lg-x y md-y lg-y\" id=\"image_1401913710\">\n\t\t\t\t\t\t\t\t<div class=\"img-inner image-cover dark\" style=\"padding-top:100%;\">\n\t\t\t<img loading=\"lazy\" decoding=\"async\" width=\"819\" height=\"1024\" src=\"https:\/\/www.laurent-le-fleuriste.com\/atelier\/wp-content\/uploads\/2025\/10\/pivoines-819x1024.jpg\" class=\"attachment-large size-large\" alt=\"\" srcset=\"https:\/\/www.laurent-le-fleuriste.com\/atelier\/wp-content\/uploads\/2025\/10\/pivoines-819x1024.jpg 819w, https:\/\/www.laurent-le-fleuriste.com\/atelier\/wp-content\/uploads\/2025\/10\/pivoines-240x300.jpg 240w, https:\/\/www.laurent-le-fleuriste.com\/atelier\/wp-content\/uploads\/2025\/10\/pivoines-768x960.jpg 768w, https:\/\/www.laurent-le-fleuriste.com\/atelier\/wp-content\/uploads\/2025\/10\/pivoines-1229x1536.jpg 1229w, https:\/\/www.laurent-le-fleuriste.com\/atelier\/wp-content\/uploads\/2025\/10\/pivoines.jpg 1440w\" sizes=\"auto, (max-width: 819px) 100vw, 819px\" \/>\t\t\t\t\t\t\n\t\t\t\t\t<\/div>\n\t\t\t\t\t\t\t\t\n<style>\n#image_1401913710 {\n  width: 100%;\n}\n<\/style>\n\t<\/div>\n\t\n\n\t<div class=\"img has-hover x md-x lg-x y md-y lg-y\" id=\"image_1686000394\">\n\t\t\t\t\t\t\t\t<div class=\"img-inner image-cover dark\" style=\"padding-top:100%;\">\n\t\t\t<img loading=\"lazy\" decoding=\"async\" width=\"1020\" height=\"1020\" src=\"https:\/\/www.laurent-le-fleuriste.com\/atelier\/wp-content\/uploads\/2025\/10\/composition-centre-table-1024x1024.jpg\" class=\"attachment-large size-large\" alt=\"\" srcset=\"https:\/\/www.laurent-le-fleuriste.com\/atelier\/wp-content\/uploads\/2025\/10\/composition-centre-table-1024x1024.jpg 1024w, https:\/\/www.laurent-le-fleuriste.com\/atelier\/wp-content\/uploads\/2025\/10\/composition-centre-table-300x300.jpg 300w, https:\/\/www.laurent-le-fleuriste.com\/atelier\/wp-content\/uploads\/2025\/10\/composition-centre-table-150x150.jpg 150w, https:\/\/www.laurent-le-fleuriste.com\/atelier\/wp-content\/uploads\/2025\/10\/composition-centre-table-768x768.jpg 768w, https:\/\/www.laurent-le-fleuriste.com\/atelier\/wp-content\/uploads\/2025\/10\/composition-centre-table.jpg 1440w\" sizes=\"auto, (max-width: 1020px) 100vw, 1020px\" \/>\t\t\t\t\t\t\n\t\t\t\t\t<\/div>\n\t\t\t\t\t\t\t\t\n<style>\n#image_1686000394 {\n  width: 100%;\n}\n<\/style>\n\t<\/div>\n\t\n\n\t<div class=\"img has-hover x md-x lg-x y md-y lg-y\" id=\"image_1141938919\">\n\t\t\t\t\t\t\t\t<div class=\"img-inner image-cover dark\" style=\"padding-top:100%;\">\n\t\t\t<img loading=\"lazy\" decoding=\"async\" width=\"1020\" height=\"1020\" src=\"https:\/\/www.laurent-le-fleuriste.com\/atelier\/wp-content\/uploads\/2025\/10\/vase-1024x1024.jpg\" class=\"attachment-large size-large\" alt=\"\" srcset=\"https:\/\/www.laurent-le-fleuriste.com\/atelier\/wp-content\/uploads\/2025\/10\/vase-1024x1024.jpg 1024w, https:\/\/www.laurent-le-fleuriste.com\/atelier\/wp-content\/uploads\/2025\/10\/vase-300x300.jpg 300w, https:\/\/www.laurent-le-fleuriste.com\/atelier\/wp-content\/uploads\/2025\/10\/vase-150x150.jpg 150w, https:\/\/www.laurent-le-fleuriste.com\/atelier\/wp-content\/uploads\/2025\/10\/vase-768x768.jpg 768w, https:\/\/www.laurent-le-fleuriste.com\/atelier\/wp-content\/uploads\/2025\/10\/vase.jpg 1440w\" sizes=\"auto, (max-width: 1020px) 100vw, 1020px\" \/>\t\t\t\t\t\t\n\t\t\t\t\t<\/div>\n\t\t\t\t\t\t\t\t\n<style>\n#image_1141938919 {\n  width: 100%;\n}\n<\/style>\n\t<\/div>\n\t\n\n\t<div class=\"img has-hover x md-x lg-x y md-y lg-y\" id=\"image_331438473\">\n\t\t\t\t\t\t\t\t<div class=\"img-inner image-cover dark\" style=\"padding-top:100%;\">\n\t\t\t<img loading=\"lazy\" decoding=\"async\" width=\"819\" height=\"1024\" src=\"https:\/\/www.laurent-le-fleuriste.com\/atelier\/wp-content\/uploads\/2025\/10\/fleurs-blanches-819x1024.jpg\" class=\"attachment-large size-large\" alt=\"\" srcset=\"https:\/\/www.laurent-le-fleuriste.com\/atelier\/wp-content\/uploads\/2025\/10\/fleurs-blanches-819x1024.jpg 819w, https:\/\/www.laurent-le-fleuriste.com\/atelier\/wp-content\/uploads\/2025\/10\/fleurs-blanches-240x300.jpg 240w, https:\/\/www.laurent-le-fleuriste.com\/atelier\/wp-content\/uploads\/2025\/10\/fleurs-blanches-768x960.jpg 768w, https:\/\/www.laurent-le-fleuriste.com\/atelier\/wp-content\/uploads\/2025\/10\/fleurs-blanches-1229x1536.jpg 1229w, https:\/\/www.laurent-le-fleuriste.com\/atelier\/wp-content\/uploads\/2025\/10\/fleurs-blanches.jpg 1440w\" sizes=\"auto, (max-width: 819px) 100vw, 819px\" \/>\t\t\t\t\t\t\n\t\t\t\t\t<\/div>\n\t\t\t\t\t\t\t\t\n<style>\n#image_331438473 {\n  width: 100%;\n}\n<\/style>\n\t<\/div>\n\t\n\n\t<div class=\"img has-hover x md-x lg-x y md-y lg-y\" id=\"image_1672083268\">\n\t\t\t\t\t\t\t\t<div class=\"img-inner image-cover dark\" style=\"padding-top:100%;\">\n\t\t\t<img loading=\"lazy\" decoding=\"async\" width=\"1020\" height=\"802\" src=\"https:\/\/www.laurent-le-fleuriste.com\/atelier\/wp-content\/uploads\/2025\/10\/saint-valentin-1024x805.jpg\" class=\"attachment-large size-large\" alt=\"\" srcset=\"https:\/\/www.laurent-le-fleuriste.com\/atelier\/wp-content\/uploads\/2025\/10\/saint-valentin-1024x805.jpg 1024w, https:\/\/www.laurent-le-fleuriste.com\/atelier\/wp-content\/uploads\/2025\/10\/saint-valentin-300x236.jpg 300w, https:\/\/www.laurent-le-fleuriste.com\/atelier\/wp-content\/uploads\/2025\/10\/saint-valentin-768x604.jpg 768w, https:\/\/www.laurent-le-fleuriste.com\/atelier\/wp-content\/uploads\/2025\/10\/saint-valentin.jpg 1440w\" sizes=\"auto, (max-width: 1020px) 100vw, 1020px\" \/>\t\t\t\t\t\t\n\t\t\t\t\t<\/div>\n\t\t\t\t\t\t\t\t\n<style>\n#image_1672083268 {\n  width: 100%;\n}\n<\/style>\n\t<\/div>\n\t\n\n\t<div class=\"img has-hover x md-x lg-x y md-y lg-y\" id=\"image_1220791746\">\n\t\t\t\t\t\t\t\t<div class=\"img-inner image-cover dark\" style=\"padding-top:100%;\">\n\t\t\t<img loading=\"lazy\" decoding=\"async\" width=\"904\" height=\"1024\" src=\"https:\/\/www.laurent-le-fleuriste.com\/atelier\/wp-content\/uploads\/2025\/10\/bulle-fleur-904x1024.jpg\" class=\"attachment-large size-large\" alt=\"\" srcset=\"https:\/\/www.laurent-le-fleuriste.com\/atelier\/wp-content\/uploads\/2025\/10\/bulle-fleur-904x1024.jpg 904w, https:\/\/www.laurent-le-fleuriste.com\/atelier\/wp-content\/uploads\/2025\/10\/bulle-fleur-265x300.jpg 265w, https:\/\/www.laurent-le-fleuriste.com\/atelier\/wp-content\/uploads\/2025\/10\/bulle-fleur-768x870.jpg 768w, https:\/\/www.laurent-le-fleuriste.com\/atelier\/wp-content\/uploads\/2025\/10\/bulle-fleur-1356x1536.jpg 1356w, https:\/\/www.laurent-le-fleuriste.com\/atelier\/wp-content\/uploads\/2025\/10\/bulle-fleur.jpg 1440w\" sizes=\"auto, (max-width: 904px) 100vw, 904px\" \/>\t\t\t\t\t\t\n\t\t\t\t\t<\/div>\n\t\t\t\t\t\t\t\t\n<style>\n#image_1220791746 {\n  width: 100%;\n}\n<\/style>\n\t<\/div>\n\t\n\n\t<div class=\"img has-hover x md-x lg-x y md-y lg-y\" id=\"image_1404528688\">\n\t\t\t\t\t\t\t\t<div class=\"img-inner image-cover dark\" style=\"padding-top:100%;\">\n\t\t\t<img loading=\"lazy\" decoding=\"async\" width=\"1020\" height=\"1017\" src=\"https:\/\/www.laurent-le-fleuriste.com\/atelier\/wp-content\/uploads\/2025\/10\/fleurs-mariage-1024x1021.jpg\" class=\"attachment-large size-large\" alt=\"\" srcset=\"https:\/\/www.laurent-le-fleuriste.com\/atelier\/wp-content\/uploads\/2025\/10\/fleurs-mariage-1024x1021.jpg 1024w, https:\/\/www.laurent-le-fleuriste.com\/atelier\/wp-content\/uploads\/2025\/10\/fleurs-mariage-300x300.jpg 300w, https:\/\/www.laurent-le-fleuriste.com\/atelier\/wp-content\/uploads\/2025\/10\/fleurs-mariage-150x150.jpg 150w, https:\/\/www.laurent-le-fleuriste.com\/atelier\/wp-content\/uploads\/2025\/10\/fleurs-mariage-768x766.jpg 768w, https:\/\/www.laurent-le-fleuriste.com\/atelier\/wp-content\/uploads\/2025\/10\/fleurs-mariage.jpg 1440w\" sizes=\"auto, (max-width: 1020px) 100vw, 1020px\" \/>\t\t\t\t\t\t\n\t\t\t\t\t<\/div>\n\t\t\t\t\t\t\t\t\n<style>\n#image_1404528688 {\n  width: 100%;\n}\n<\/style>\n\t<\/div>\n\t\n\n\n     <\/div>\n\n     <div class=\"loading-spin dark large centered\"><\/div>\n\n\t\n<style>\n#slider-1418482323 .flickity-slider > * {\n  max-width: 400px!important;\n}\n<\/style>\n<\/div>\n\n\n\n\t\t<\/div>\n\n\t\t\n<style>\n#section_1792172461 {\n  padding-top: 0px;\n  padding-bottom: 0px;\n}\n<\/style>\n\t<\/section>\n\t\n\n","protected":false},"excerpt":{"rendered":"","protected":false},"author":1,"featured_media":0,"parent":0,"menu_order":3,"comment_status":"closed","ping_status":"closed","template":"page-blank.php","meta":{"footnotes":""},"class_list":["post-16","page","type-page","status-publish","hentry"],"_links":{"self":[{"href":"https:\/\/www.laurent-le-fleuriste.com\/atelier\/wp-json\/wp\/v2\/pages\/16","targetHints":{"allow":["GET"]}}],"collection":[{"href":"https:\/\/www.laurent-le-fleuriste.com\/atelier\/wp-json\/wp\/v2\/pages"}],"about":[{"href":"https:\/\/www.laurent-le-fleuriste.com\/atelier\/wp-json\/wp\/v2\/types\/page"}],"author":[{"embeddable":true,"href":"https:\/\/www.laurent-le-fleuriste.com\/atelier\/wp-json\/wp\/v2\/users\/1"}],"replies":[{"embeddable":true,"href":"https:\/\/www.laurent-le-fleuriste.com\/atelier\/wp-json\/wp\/v2\/comments?post=16"}],"version-history":[{"count":22,"href":"https:\/\/www.laurent-le-fleuriste.com\/atelier\/wp-json\/wp\/v2\/pages\/16\/revisions"}],"predecessor-version":[{"id":479,"href":"https:\/\/www.laurent-le-fleuriste.com\/atelier\/wp-json\/wp\/v2\/pages\/16\/revisions\/479"}],"wp:attachment":[{"href":"https:\/\/www.laurent-le-fleuriste.com\/atelier\/wp-json\/wp\/v2\/media?parent=16"}],"curies":[{"name":"wp","href":"https:\/\/api.w.org\/{rel}","templated":true}]}}