{"id":239,"date":"2012-03-28T08:07:07","date_gmt":"2012-03-28T08:07:07","guid":{"rendered":"http:\/\/www.laurent-le-fleuriste.com\/atelier\/"},"modified":"2012-03-28T14:26:03","modified_gmt":"2012-03-28T14:26:03","slug":"dernier-hommage","status":"publish","type":"page","link":"http:\/\/www.laurent-le-fleuriste.com\/atelier\/nos-domaines-dexpertise\/dernier-hommage\/","title":{"rendered":"Dernier hommage"},"content":{"rendered":"<p><img loading=\"lazy\" decoding=\"async\" class=\"alignleft size-medium wp-image-240\" title=\"P1010762-WEB\" src=\"http:\/\/www.laurent-le-fleuriste.com\/atelier\/wp-content\/uploads\/2012\/03\/P1010762-WEB-300x225.jpg\" alt=\"Bouquet de deuil\" width=\"196\" height=\"148\" srcset=\"http:\/\/www.laurent-le-fleuriste.com\/atelier\/wp-content\/uploads\/2012\/03\/P1010762-WEB-300x225.jpg 300w, http:\/\/www.laurent-le-fleuriste.com\/atelier\/wp-content\/uploads\/2012\/03\/P1010762-WEB.jpg 1024w\" sizes=\"auto, (max-width: 196px) 100vw, 196px\" \/>Laurent Le Fleuriste vous propose des compositions florales pour rendre un dernier hommage aux personnes ch\u00e8res.<br \/>\nGerbe, couronnes nous vous offrirons la meilleure \u00e9coute pour vous accompagner dans votre choix.<\/p>\n<p><a href=\"http:\/\/www.laurent-le-fleuriste.com\/atelier\/flagallery\/composition-deuil\/\">D\u00e9couvrir quelques cr\u00e9ations &gt;&gt;&gt;<\/a><\/p>\n","protected":false},"excerpt":{"rendered":"<p>Laurent Le Fleuriste vous propose des compositions florales pour rendre un dernier hommage aux personnes ch\u00e8res. Gerbe, couronnes nous vous offrirons la meilleure \u00e9coute pour vous accompagner dans votre choix. D\u00e9couvrir quelques cr\u00e9ations &gt;&gt;&gt;<\/p>\n","protected":false},"author":1,"featured_media":0,"parent":16,"menu_order":3,"comment_status":"closed","ping_status":"closed","template":"","meta":{"footnotes":""},"class_list":["post-239","page","type-page","status-publish","hentry"],"_links":{"self":[{"href":"http:\/\/www.laurent-le-fleuriste.com\/atelier\/wp-json\/wp\/v2\/pages\/239","targetHints":{"allow":["GET"]}}],"collection":[{"href":"http:\/\/www.laurent-le-fleuriste.com\/atelier\/wp-json\/wp\/v2\/pages"}],"about":[{"href":"http:\/\/www.laurent-le-fleuriste.com\/atelier\/wp-json\/wp\/v2\/types\/page"}],"author":[{"embeddable":true,"href":"http:\/\/www.laurent-le-fleuriste.com\/atelier\/wp-json\/wp\/v2\/users\/1"}],"replies":[{"embeddable":true,"href":"http:\/\/www.laurent-le-fleuriste.com\/atelier\/wp-json\/wp\/v2\/comments?post=239"}],"version-history":[{"count":5,"href":"http:\/\/www.laurent-le-fleuriste.com\/atelier\/wp-json\/wp\/v2\/pages\/239\/revisions"}],"predecessor-version":[{"id":248,"href":"http:\/\/www.laurent-le-fleuriste.com\/atelier\/wp-json\/wp\/v2\/pages\/239\/revisions\/248"}],"up":[{"embeddable":true,"href":"http:\/\/www.laurent-le-fleuriste.com\/atelier\/wp-json\/wp\/v2\/pages\/16"}],"wp:attachment":[{"href":"http:\/\/www.laurent-le-fleuriste.com\/atelier\/wp-json\/wp\/v2\/media?parent=239"}],"curies":[{"name":"wp","href":"https:\/\/api.w.org\/{rel}","templated":true}]}}