{"id":19,"date":"2011-10-22T16:42:08","date_gmt":"2011-10-22T16:42:08","guid":{"rendered":"http:\/\/www.laurent-le-fleuriste.com\/atelier\/?page_id=19"},"modified":"2025-10-20T08:07:18","modified_gmt":"2025-10-20T08:07:18","slug":"offres","status":"publish","type":"page","link":"http:\/\/www.laurent-le-fleuriste.com\/atelier\/offres\/","title":{"rendered":"Nos prestations"},"content":{"rendered":"\n\n\t<section class=\"section\" id=\"section_1001003879\">\n\t\t<div class=\"section-bg fill\" >\n\t\t\t\t\t\t\t\t\t<div class=\"section-bg-overlay absolute fill\"><\/div>\n\t\t\t\n\n\t\t<\/div>\n\n\t\t\n\n\t\t<div class=\"section-content relative\">\n\t\t\t\n\n<div class=\"row align-equal\"  id=\"row-1644090811\">\n\n\n\t<div id=\"col-897982392\" class=\"col small-12 large-12\"  >\n\t\t\t\t<div class=\"col-inner dark\"  >\n\t\t\t\n\t\t\t\n\n\n  <div class=\"banner has-hover has-parallax\" id=\"banner-2064464834\">\n          <div class=\"banner-inner fill\">\n        <div class=\"banner-bg fill\" data-parallax=\"-10\" data-parallax-container=\".banner\" data-parallax-background>\n            <img loading=\"lazy\" decoding=\"async\" width=\"937\" height=\"1024\" src=\"http:\/\/www.laurent-le-fleuriste.com\/atelier\/wp-content\/uploads\/2025\/10\/fleurs-bouquet-laurent-le-fleuriste-937x1024.jpg\" class=\"bg attachment-large size-large\" alt=\"\" \/>                        <div class=\"overlay\"><\/div>            \n                    <\/div>\n\t\t\n        <div class=\"banner-layers container\">\n            <div class=\"fill banner-link\"><\/div>            \n\n   <div id=\"text-box-1254573703\" class=\"text-box banner-layer x50 md-x50 lg-x50 y50 md-y50 lg-y50 res-text\">\n                                <div class=\"text-box-content text \">\n              \n              <div class=\"text-inner text-center\">\n                  \n\n<h3 class=\"uppercase\">d\u00e9couvrez notre savoir-faire<\/h3>\n<p>Depuis 2009, Laurent Le Fleuriste propose se cr\u00e9ations artisanales pour toutes les occasions importantes dans vos vies. Au printemps 2015 il installe son atelier dans le quartier des Ar\u00e8nes de B\u00e9ziers.\u00a0<\/p>\n<a href=\"https:\/\/www.laurent-le-fleuriste.com\/atelier\/offres\/#fleurs\" class=\"button white is-outline\" >\n\t\t<span>notre savoir-faire<\/span>\n\t<i class=\"icon-certificate\" aria-hidden=\"true\"><\/i><\/a>\n\n\n\n              <\/div>\n           <\/div>\n                            \n<style>\n#text-box-1254573703 {\n  width: 60%;\n}\n#text-box-1254573703 .text-box-content {\n  font-size: 100%;\n}\n<\/style>\n    <\/div>\n \n\n        <\/div>\n      <\/div>\n\n            \n<style>\n#banner-2064464834 {\n  padding-top: 500px;\n}\n#banner-2064464834 .overlay {\n  background-color: rgba(0, 0, 0, 0.36);\n}\n<\/style>\n  <\/div>\n\n\n\n\t\t<\/div>\n\t\t\t\t\t<\/div>\n\n\t\n\n\t<div id=\"col-1409635348\" class=\"col small-12 large-12\"  >\n\t\t\t\t<div class=\"col-inner\"  >\n\t\t\t\n\t\t\t\n\n\n\n<div id=\"fleurs\"><\/div>\n\n\n\t\t<\/div>\n\t\t\t\t\t<\/div>\n\n\t\n\n\t<div id=\"col-1242679414\" class=\"col medium-4 small-12 large-4\"  >\n\t\t\t\t<div class=\"col-inner\"  >\n\t\t\t\n\t\t\t\n\n\t<div class=\"box has-hover   has-hover box-text-bottom\" >\n\n\t\t<div class=\"box-image\" style=\"border-radius:100%;width:60%;\">\n\t\t\t\t\t\t<div class=\"image-zoom-long image-cover\" style=\"padding-top:100%;\">\n\t\t\t\t<img loading=\"lazy\" decoding=\"async\" width=\"1440\" height=\"1800\" src=\"http:\/\/www.laurent-le-fleuriste.com\/atelier\/wp-content\/uploads\/2025\/10\/bouquets-de-fleurs.jpg\" class=\"attachment- size-\" alt=\"\" srcset=\"http:\/\/www.laurent-le-fleuriste.com\/atelier\/wp-content\/uploads\/2025\/10\/bouquets-de-fleurs.jpg 1440w, http:\/\/www.laurent-le-fleuriste.com\/atelier\/wp-content\/uploads\/2025\/10\/bouquets-de-fleurs-240x300.jpg 240w, http:\/\/www.laurent-le-fleuriste.com\/atelier\/wp-content\/uploads\/2025\/10\/bouquets-de-fleurs-819x1024.jpg 819w, http:\/\/www.laurent-le-fleuriste.com\/atelier\/wp-content\/uploads\/2025\/10\/bouquets-de-fleurs-768x960.jpg 768w, http:\/\/www.laurent-le-fleuriste.com\/atelier\/wp-content\/uploads\/2025\/10\/bouquets-de-fleurs-1229x1536.jpg 1229w\" sizes=\"auto, (max-width: 1440px) 100vw, 1440px\" \/>\t\t\t\t\t\t\t\t\t\t\t<\/div>\n\t\t\t\t\t<\/div>\n\n\t\t<div class=\"box-text text-center\" >\n\t\t\t<div class=\"box-text-inner\">\n\t\t\t\t\n\n<h3>BOUQUETS<\/h3>\n<hr \/>\n<p class=\"lead\" style=\"text-align: justify;\">\u00c9l\u00e9gants, de saison, exub\u00e9rants ou discrets&#8230; Laurent Le Fleuriste vous propose tout style de bouquets qui suivront vos envies ou l&rsquo;inspiration du moment ! Toujours uniques nos bouquets sauront c\u00e9l\u00e9brer des moments uniques d&rsquo;\u00e9motion.<\/p>\n\n\t\t\t<\/div>\n\t\t<\/div>\n\t<\/div>\n\t\n\n\t\t<\/div>\n\t\t\t\t\n<style>\n#col-1242679414 > .col-inner {\n  border-radius: 10px;\n}\n<\/style>\n\t<\/div>\n\n\t\n\n\t<div id=\"col-1939747618\" class=\"col medium-4 small-12 large-4\"  >\n\t\t\t\t<div class=\"col-inner\"  >\n\t\t\t\n\t\t\t\n\n\t<div class=\"box has-hover   has-hover box-text-bottom\" >\n\n\t\t<div class=\"box-image\" style=\"border-radius:100%;width:60%;\">\n\t\t\t\t\t\t<div class=\"image-zoom-long image-cover\" style=\"padding-top:100%;\">\n\t\t\t\t<img loading=\"lazy\" decoding=\"async\" width=\"1440\" height=\"1230\" src=\"http:\/\/www.laurent-le-fleuriste.com\/atelier\/wp-content\/uploads\/2025\/10\/compositions-florales-2.jpg\" class=\"attachment- size-\" alt=\"\" srcset=\"http:\/\/www.laurent-le-fleuriste.com\/atelier\/wp-content\/uploads\/2025\/10\/compositions-florales-2.jpg 1440w, http:\/\/www.laurent-le-fleuriste.com\/atelier\/wp-content\/uploads\/2025\/10\/compositions-florales-2-300x256.jpg 300w, http:\/\/www.laurent-le-fleuriste.com\/atelier\/wp-content\/uploads\/2025\/10\/compositions-florales-2-1024x875.jpg 1024w, http:\/\/www.laurent-le-fleuriste.com\/atelier\/wp-content\/uploads\/2025\/10\/compositions-florales-2-768x656.jpg 768w\" sizes=\"auto, (max-width: 1440px) 100vw, 1440px\" \/>\t\t\t\t\t\t\t\t\t\t\t<\/div>\n\t\t\t\t\t<\/div>\n\n\t\t<div class=\"box-text text-center\" >\n\t\t\t<div class=\"box-text-inner\">\n\t\t\t\t\n\n<h3>COMPOSITIONS FLORALES<\/h3>\n<hr \/>\n<p class=\"lead\" style=\"text-align: justify;\">Au travers de ses cr\u00e9ations, Laurent Le Fleuriste\u00a0 marie l&rsquo;\u00e9l\u00e9gance des formes, la subtilit\u00e9 des couleurs et la po\u00e9sie des saisons. Chaque cr\u00e9ation devient une histoire, un instant suspendu o\u00f9 les fleurs expriment ce que les mots ne savent pas toujours dire.<\/p>\n\n\t\t\t<\/div>\n\t\t<\/div>\n\t<\/div>\n\t\n\n\t\t<\/div>\n\t\t\t\t\n<style>\n#col-1939747618 > .col-inner {\n  border-radius: 10px;\n}\n<\/style>\n\t<\/div>\n\n\t\n\n\t<div id=\"col-249582728\" class=\"col medium-4 small-12 large-4\"  >\n\t\t\t\t<div class=\"col-inner\"  >\n\t\t\t\n\t\t\t\n\n\t<div class=\"box has-hover   has-hover box-text-bottom\" >\n\n\t\t<div class=\"box-image\" style=\"border-radius:100%;width:60%;\">\n\t\t\t\t\t\t<div class=\"image-zoom-long image-cover\" style=\"padding-top:100%;\">\n\t\t\t\t<img loading=\"lazy\" decoding=\"async\" width=\"1440\" height=\"1800\" src=\"http:\/\/www.laurent-le-fleuriste.com\/atelier\/wp-content\/uploads\/2025\/10\/fleurs-fetes.jpg\" class=\"attachment- size-\" alt=\"\" srcset=\"http:\/\/www.laurent-le-fleuriste.com\/atelier\/wp-content\/uploads\/2025\/10\/fleurs-fetes.jpg 1440w, http:\/\/www.laurent-le-fleuriste.com\/atelier\/wp-content\/uploads\/2025\/10\/fleurs-fetes-240x300.jpg 240w, http:\/\/www.laurent-le-fleuriste.com\/atelier\/wp-content\/uploads\/2025\/10\/fleurs-fetes-819x1024.jpg 819w, http:\/\/www.laurent-le-fleuriste.com\/atelier\/wp-content\/uploads\/2025\/10\/fleurs-fetes-768x960.jpg 768w, http:\/\/www.laurent-le-fleuriste.com\/atelier\/wp-content\/uploads\/2025\/10\/fleurs-fetes-1229x1536.jpg 1229w\" sizes=\"auto, (max-width: 1440px) 100vw, 1440px\" \/>\t\t\t\t\t\t\t\t\t\t\t<\/div>\n\t\t\t\t\t<\/div>\n\n\t\t<div class=\"box-text text-center\" >\n\t\t\t<div class=\"box-text-inner\">\n\t\t\t\t\n\n<h3>OFFRIR DES FLEURS<\/h3>\n<hr \/>\n<p class=\"lead\" style=\"text-align: justify;\">&#8230;C&rsquo;est offrir une \u00e9motion. Un mot d&rsquo;amour, un merci, un souvenir. Pour la f\u00eate des m\u00e8res, des grands-m\u00e8res ou un anniversaire, nos cr\u00e9ations florales c\u00e9l\u00e8brent la beaut\u00e9 des liens et la douceur des instants partag\u00e9s.<\/p>\n\n\t\t\t<\/div>\n\t\t<\/div>\n\t<\/div>\n\t\n\n\t\t<\/div>\n\t\t\t\t\n<style>\n#col-249582728 > .col-inner {\n  border-radius: 10px;\n}\n<\/style>\n\t<\/div>\n\n\t\n\n\n<style>\n#row-1644090811 > .col > .col-inner {\n  background-color: rgb(255, 255, 255);\n}\n<\/style>\n<\/div>\n<div class=\"row align-equal\"  id=\"row-2096815257\">\n\n\n\t<div id=\"col-274393095\" class=\"col medium-4 small-12 large-4\"  >\n\t\t\t\t<div class=\"col-inner\"  >\n\t\t\t\n\t\t\t\n\n\t<div class=\"box has-hover   has-hover box-text-bottom\" >\n\n\t\t<div class=\"box-image\" style=\"border-radius:100%;width:60%;\">\n\t\t\t\t\t\t<div class=\"image-zoom-long image-cover\" style=\"padding-top:100%;\">\n\t\t\t\t<img loading=\"lazy\" decoding=\"async\" width=\"1440\" height=\"1794\" src=\"http:\/\/www.laurent-le-fleuriste.com\/atelier\/wp-content\/uploads\/2025\/10\/mariages.jpg\" class=\"attachment- size-\" alt=\"\" srcset=\"http:\/\/www.laurent-le-fleuriste.com\/atelier\/wp-content\/uploads\/2025\/10\/mariages.jpg 1440w, http:\/\/www.laurent-le-fleuriste.com\/atelier\/wp-content\/uploads\/2025\/10\/mariages-241x300.jpg 241w, http:\/\/www.laurent-le-fleuriste.com\/atelier\/wp-content\/uploads\/2025\/10\/mariages-822x1024.jpg 822w, http:\/\/www.laurent-le-fleuriste.com\/atelier\/wp-content\/uploads\/2025\/10\/mariages-768x957.jpg 768w, http:\/\/www.laurent-le-fleuriste.com\/atelier\/wp-content\/uploads\/2025\/10\/mariages-1233x1536.jpg 1233w\" sizes=\"auto, (max-width: 1440px) 100vw, 1440px\" \/>\t\t\t\t\t\t\t\t\t\t\t<\/div>\n\t\t\t\t\t<\/div>\n\n\t\t<div class=\"box-text text-center\" >\n\t\t\t<div class=\"box-text-inner\">\n\t\t\t\t\n\n<h3>MARIAGES<\/h3>\n<hr \/>\n<p class=\"lead\" style=\"text-align: justify;\">Du bouquet de la mari\u00e9e \u00e0 la table de vos invit\u00e9s, nous aimons imaginer des compositions et d\u00e9cors floraux qui refl\u00e8teront l&rsquo;\u00e9motion de ce moment unique. Nous accorderons l&rsquo;\u00e9l\u00e9gance, le naturel et la po\u00e9sie pour rendre cet instant ioubliable.<\/p>\n\n\t\t\t<\/div>\n\t\t<\/div>\n\t<\/div>\n\t\n\n\t\t<\/div>\n\t\t\t\t\n<style>\n#col-274393095 > .col-inner {\n  border-radius: 10px;\n}\n<\/style>\n\t<\/div>\n\n\t\n\n\t<div id=\"col-282887116\" class=\"col medium-4 small-12 large-4\"  >\n\t\t\t\t<div class=\"col-inner\"  >\n\t\t\t\n\t\t\t\n\n\t<div class=\"box has-hover   has-hover box-text-bottom\" >\n\n\t\t<div class=\"box-image\" style=\"border-radius:100%;width:60%;\">\n\t\t\t\t\t\t<div class=\"image-zoom-long image-cover\" style=\"padding-top:100%;\">\n\t\t\t\t<img loading=\"lazy\" decoding=\"async\" width=\"1440\" height=\"1086\" src=\"http:\/\/www.laurent-le-fleuriste.com\/atelier\/wp-content\/uploads\/2025\/10\/fleurs-deuil.jpg\" class=\"attachment- size-\" alt=\"\" srcset=\"http:\/\/www.laurent-le-fleuriste.com\/atelier\/wp-content\/uploads\/2025\/10\/fleurs-deuil.jpg 1440w, http:\/\/www.laurent-le-fleuriste.com\/atelier\/wp-content\/uploads\/2025\/10\/fleurs-deuil-300x226.jpg 300w, http:\/\/www.laurent-le-fleuriste.com\/atelier\/wp-content\/uploads\/2025\/10\/fleurs-deuil-1024x772.jpg 1024w, http:\/\/www.laurent-le-fleuriste.com\/atelier\/wp-content\/uploads\/2025\/10\/fleurs-deuil-768x579.jpg 768w\" sizes=\"auto, (max-width: 1440px) 100vw, 1440px\" \/>\t\t\t\t\t\t\t\t\t\t\t<\/div>\n\t\t\t\t\t<\/div>\n\n\t\t<div class=\"box-text text-center\" >\n\t\t\t<div class=\"box-text-inner\">\n\t\t\t\t\n\n<h3>COMPOSITIONS DEUILS<\/h3>\n<hr \/>\n<p class=\"lead\" style=\"text-align: justify;\">Rendre hommage avec d\u00e9licatesse et respect \u00e0 ceux qui nous quittent. Chaque cr\u00e9ation exprime l&rsquo;amour, la m\u00e9moire et la paix, comme un dernier message empreint de beaut\u00e9 et de s\u00e9r\u00e9nit\u00e9.<\/p>\n\n\t\t\t<\/div>\n\t\t<\/div>\n\t<\/div>\n\t\n\n\t\t<\/div>\n\t\t\t\t\n<style>\n#col-282887116 > .col-inner {\n  border-radius: 10px;\n}\n<\/style>\n\t<\/div>\n\n\t\n\n\t<div id=\"col-1377499666\" class=\"col medium-4 small-12 large-4\"  >\n\t\t\t\t<div class=\"col-inner\"  >\n\t\t\t\n\t\t\t\n\n\t<div class=\"box has-hover   has-hover box-text-bottom\" >\n\n\t\t<div class=\"box-image\" style=\"border-radius:100%;width:60%;\">\n\t\t\t\t\t\t<div class=\"image-zoom-long image-cover\" style=\"padding-top:100%;\">\n\t\t\t\t<img loading=\"lazy\" decoding=\"async\" width=\"1440\" height=\"1079\" src=\"http:\/\/www.laurent-le-fleuriste.com\/atelier\/wp-content\/uploads\/2025\/10\/laurent-marquefabre.jpg\" class=\"attachment- size-\" alt=\"\" srcset=\"http:\/\/www.laurent-le-fleuriste.com\/atelier\/wp-content\/uploads\/2025\/10\/laurent-marquefabre.jpg 1440w, http:\/\/www.laurent-le-fleuriste.com\/atelier\/wp-content\/uploads\/2025\/10\/laurent-marquefabre-300x225.jpg 300w, http:\/\/www.laurent-le-fleuriste.com\/atelier\/wp-content\/uploads\/2025\/10\/laurent-marquefabre-1024x767.jpg 1024w, http:\/\/www.laurent-le-fleuriste.com\/atelier\/wp-content\/uploads\/2025\/10\/laurent-marquefabre-768x575.jpg 768w\" sizes=\"auto, (max-width: 1440px) 100vw, 1440px\" \/>\t\t\t\t\t\t\t\t\t\t\t<\/div>\n\t\t\t\t\t<\/div>\n\n\t\t<div class=\"box-text text-center\" >\n\t\t\t<div class=\"box-text-inner\">\n\t\t\t\t\n\n<h3>\u00c9V\u00c9NEMENTS<\/h3>\n<hr \/>\n<p class=\"lead\" style=\"text-align: justify;\">Fraicheur et cr\u00e9ativit\u00e9 s&rsquo;invitent dans vos \u00e9v\u00e9nements. Pour une inauguration, un s\u00e9minaire ou une r\u00e9ception, nos cr\u00e9ations florales apportent une touche naturelle et distingu\u00e9e, refl\u00e9tant l&rsquo;image et l&rsquo;identit\u00e9 de votre entreprise.<\/p>\n\n\t\t\t<\/div>\n\t\t<\/div>\n\t<\/div>\n\t\n\n\t\t<\/div>\n\t\t\t\t\n<style>\n#col-1377499666 > .col-inner {\n  border-radius: 10px;\n}\n<\/style>\n\t<\/div>\n\n\t\n\n\n<style>\n#row-2096815257 > .col > .col-inner {\n  background-color: rgb(255, 255, 255);\n}\n<\/style>\n<\/div>\n\n\t\t<\/div>\n\n\t\t\n<style>\n#section_1001003879 {\n  padding-top: 30px;\n  padding-bottom: 30px;\n}\n#section_1001003879 .section-bg-overlay {\n  background-color: rgb(91, 124, 124);\n}\n<\/style>\n\t<\/section>\n\t\n\n","protected":false},"excerpt":{"rendered":"","protected":false},"author":1,"featured_media":0,"parent":0,"menu_order":4,"comment_status":"closed","ping_status":"closed","template":"page-blank.php","meta":{"footnotes":""},"class_list":["post-19","page","type-page","status-publish","hentry"],"_links":{"self":[{"href":"http:\/\/www.laurent-le-fleuriste.com\/atelier\/wp-json\/wp\/v2\/pages\/19","targetHints":{"allow":["GET"]}}],"collection":[{"href":"http:\/\/www.laurent-le-fleuriste.com\/atelier\/wp-json\/wp\/v2\/pages"}],"about":[{"href":"http:\/\/www.laurent-le-fleuriste.com\/atelier\/wp-json\/wp\/v2\/types\/page"}],"author":[{"embeddable":true,"href":"http:\/\/www.laurent-le-fleuriste.com\/atelier\/wp-json\/wp\/v2\/users\/1"}],"replies":[{"embeddable":true,"href":"http:\/\/www.laurent-le-fleuriste.com\/atelier\/wp-json\/wp\/v2\/comments?post=19"}],"version-history":[{"count":54,"href":"http:\/\/www.laurent-le-fleuriste.com\/atelier\/wp-json\/wp\/v2\/pages\/19\/revisions"}],"predecessor-version":[{"id":475,"href":"http:\/\/www.laurent-le-fleuriste.com\/atelier\/wp-json\/wp\/v2\/pages\/19\/revisions\/475"}],"wp:attachment":[{"href":"http:\/\/www.laurent-le-fleuriste.com\/atelier\/wp-json\/wp\/v2\/media?parent=19"}],"curies":[{"name":"wp","href":"https:\/\/api.w.org\/{rel}","templated":true}]}}